{"id":1218,"date":"2019-06-27T05:10:40","date_gmt":"2019-06-27T04:10:40","guid":{"rendered":"https:\/\/k-stahl.hu\/?page_id=1218"},"modified":"2026-02-02T16:49:19","modified_gmt":"2026-02-02T15:49:19","slug":"impressum","status":"publish","type":"page","link":"https:\/\/gkss.hu\/de\/impressum\/","title":{"rendered":"Impressum"},"content":{"rendered":"<p>[et_pb_section fb_built=&#8220;1&#8243; _builder_version=&#8220;4.23.4&#8243; _module_preset=&#8220;default&#8220; custom_padding=&#8220;15px||15px||false|false&#8220; locked=&#8220;off&#8220; global_colors_info=&#8220;{}&#8220;][et_pb_row _builder_version=&#8220;4.23.4&#8243; _module_preset=&#8220;default&#8220; global_colors_info=&#8220;{}&#8220;][et_pb_column type=&#8220;4_4&#8243; _builder_version=&#8220;4.23.4&#8243; _module_preset=&#8220;default&#8220; global_colors_info=&#8220;{}&#8220;][et_pb_text _builder_version=&#8220;4.23.4&#8243; _module_preset=&#8220;default&#8220; header_text_color=&#8220;#000000&#8243; header_font_size=&#8220;50px&#8220; global_colors_info=&#8220;{}&#8220;]<\/p>\n<h1 style=\"text-align: center;\"><span data-sheets-root=\"1\" data-sheets-value=\"{&quot;1&quot;:2,&quot;2&quot;:&quot;Impressum&quot;}\" data-sheets-userformat=\"{&quot;2&quot;:6529,&quot;3&quot;:{&quot;1&quot;:0},&quot;10&quot;:2,&quot;11&quot;:4,&quot;14&quot;:{&quot;1&quot;:2,&quot;2&quot;:0},&quot;15&quot;:&quot;Arial&quot;}\">Impressum<\/span><\/h1>\n<p>[\/et_pb_text][et_pb_text _builder_version=&#8220;4.27.4&#8243; _module_preset=&#8220;default&#8220; text_text_color=&#8220;#000000&#8243; hover_enabled=&#8220;0&#8243; global_colors_info=&#8220;{}&#8220; sticky_enabled=&#8220;0&#8243;]<\/p>\n<p><strong><span data-sheets-root=\"1\" data-sheets-value=\"{&quot;1&quot;:2,&quot;2&quot;:&quot;1) Der f\u00fcr den Inhalt der von Ihnen \u00fcber die Internetadresse besuchten Internetseite und Social Media-Plattform -nachfolgend beide zusammen: die Website - datenschutzrechtlich Verantwortliche bzw. Inhaber des Domains und der Website ist:&quot;}\" data-sheets-userformat=\"{&quot;2&quot;:6529,&quot;3&quot;:{&quot;1&quot;:0},&quot;10&quot;:2,&quot;11&quot;:4,&quot;14&quot;:{&quot;1&quot;:2,&quot;2&quot;:0},&quot;15&quot;:&quot;Arial&quot;}\">1) Der f\u00fcr den Inhalt der von Ihnen \u00fcber die Internetadresse besuchten Internetseite und Social Media-Plattform -nachfolgend beide zusammen: die Website &#8211; datenschutzrechtlich Verantwortliche bzw. Inhaber des Domains und der Website ist:<\/span><\/strong><\/p>\n<p><strong>GKS Service Korl\u00e1tolt Felel\u0151ss\u00e9g\u0171 T\u00e1rsas\u00e1g<\/strong><\/p>\n<p>9025 Gy\u0151r, Szalay Imre utca 12-14. A. lh\u00e1z. 1. em. 4.<br \/>Asz.: 26249597-2-08<\/p>\n<p>Gy\u0151ri T\u00f6rv\u00e9nysz\u00e9k C\u00e9gb\u00edr\u00f3s\u00e1ga nyilv\u00e1ntart\u00e1s\u00e1ban.<\/p>\n<p><strong>2) Aufsichtsbeh\u00f6rde f\u00fcr die Datenverarbeitung:<\/strong><\/p>\n<p><strong>Nemzeti Adatv\u00e9delmi \u00e9s Inform\u00e1ci\u00f3szabads\u00e1g Hat\u00f3s\u00e1g<\/strong><br \/>Sz\u00e9khely: 1125 Budapest, Falk Miksa utca 9-11.<br \/>Postac\u00edm: 1363 Budapest, Pf. 9.<br \/>Telefon: +36 30 683 5969<br \/>Fax: +36 1 391 1410<br \/>E-mail: ugyfelszolgalat@naih.hu<br \/>Webhely: http:\/\/www.naih.hu\/<\/p>\n<p><strong>3) Webhoster:<\/strong><\/p>\n<p><strong>KTS Online Kft<\/strong><br \/>Ad\u00f3sz\u00e1m: 29152106-2-08.<br \/>C\u00e9gjegyz\u00e9ksz\u00e1m: 08-09-032885<br \/>Gy\u0151ri T\u00f6rv\u00e9nysz\u00e9k C\u00e9gb\u00edr\u00f3s\u00e1ga nyilv\u00e1ntart\u00e1s\u00e1ban.<br \/>Statisztikai sz\u00e1mjel: 29152106-6311-113-08.<br \/>K\u00f6z\u00f6ss\u00e9gi ad\u00f3sz\u00e1m: HU29152106.<\/p>\n<p>SZ\u00c9KHELY 9024 Gy\u0151r, Bart\u00f3k B\u00e9la utca 26\/B f\u00f6ldszint 2.<br \/>TELEFON: +36-20\/316-2431<br \/>E-MAIL info@kts.hu<\/p>\n<p><strong>4) Lebt der\/die BenutzerIn (Verbraucher\/In) in der Europ\u00e4ischen Union, kann er\/sie im Zusammenhang mit seiner\/ihrer Beschwerde \u00fcber die Dienstleistung die online Streitbeilegung der Europ\u00e4ischen Kommission in Anspruch nehmen.<\/strong><\/p>\n<p><strong>Plattform der Europ\u00e4ischen Kommission f\u00fcr eine online Streitbeilegung<\/strong><br \/>Webseite: https:\/\/webgate.ec.europa.eu\/odr<\/p>\n<p>Die EU bietet diese Internetplattform f\u00fcr Verbraucher an, die eine Beschwerde \u00fcber die von ihnen online gekauften Produkte oder Dienstleistungen haben und zur Beilegung ihrer Streitigkeit die Einschaltung einer neutralen dritten Partei (Streitbeilegungsstelle) w\u00fcnschen.<\/p>\n<p>N\u00e4here Informationen \u00fcber die online Streitbeilegungsplattform und ihre Nutzung bzw. die Art der Streitbeilegung finden Sie auf der Webseite, die Sie \u00fcber das obige Link erreichen k\u00f6nnen.<\/p>\n<p>[\/et_pb_text][\/et_pb_column][\/et_pb_row][\/et_pb_section]<\/p>\n","protected":false},"excerpt":{"rendered":"<p>Impressum 1) Der f\u00fcr den Inhalt der von Ihnen \u00fcber die Internetadresse besuchten Internetseite und Social Media-Plattform -nachfolgend beide zusammen: die Website &#8211; datenschutzrechtlich Verantwortliche bzw. Inhaber des Domains und der Website ist: GKS Service Korl\u00e1tolt Felel\u0151ss\u00e9g\u0171 T\u00e1rsas\u00e1g 9025 Gy\u0151r, Szalay Imre utca 12-14. A. lh\u00e1z. 1. em. 4.Asz.: 26249597-2-08 Gy\u0151ri T\u00f6rv\u00e9nysz\u00e9k C\u00e9gb\u00edr\u00f3s\u00e1ga nyilv\u00e1ntart\u00e1s\u00e1ban. 2) [&hellip;]<\/p>\n","protected":false},"author":1,"featured_media":0,"parent":0,"menu_order":0,"comment_status":"closed","ping_status":"closed","template":"","meta":{"_et_pb_use_builder":"on","_et_pb_old_content":"<p><!-- wp:divi\/placeholder --><br \/>[et_pb_section fb_built=\"1\" _builder_version=\"4.23.4\" _module_preset=\"default\" custom_padding=\"15px||15px||false|false\" locked=\"off\" global_colors_info=\"{}\"][et_pb_row _builder_version=\"4.23.4\" _module_preset=\"default\" global_colors_info=\"{}\"][et_pb_column type=\"4_4\" _builder_version=\"4.23.4\" _module_preset=\"default\" global_colors_info=\"{}\"][et_pb_text _builder_version=\"4.23.4\" _module_preset=\"default\" header_text_color=\"#000000\" header_font_size=\"50px\" global_colors_info=\"{}\"]<\/p><h1 style=\"text-align: center;\">Impresszum<\/h1><p>[\/et_pb_text][et_pb_text _builder_version=\"4.23.4\" _module_preset=\"default\" text_text_color=\"#000000\" global_colors_info=\"{}\"]<\/p><p><strong>1) Az \u00d6n \u00e1ltal megtekintett internetc\u00edmen el\u00e9rhet\u0151 internetes oldal, k\u00f6z\u00f6ss\u00e9gi m\u00e9dia fel\u00fclet \u2013 egy\u00fcttesen a tov\u00e1bbiakban: webhely \u2013 tartalm\u00e1\u00e9rt felel\u0151s adatkezel\u0151, illetve a domain \u00e9s a webhely tulajdonosa:<\/strong><\/p><p><strong>K-Stahl Korl\u00e1tolt Felel\u0151ss\u00e9g\u0171 T\u00e1rsas\u00e1g<\/strong><\/p><p>9025 Gy\u0151r, Szalay Imre utca 12-14. A. lh\u00e1z. 1. em. 4.<br \/>Asz.: 26249597-2-08<\/p><p>Gy\u0151ri T\u00f6rv\u00e9nysz\u00e9k C\u00e9gb\u00edr\u00f3s\u00e1ga nyilv\u00e1ntart\u00e1s\u00e1ban.<\/p><p><strong>2.) Az adatkezel\u00e9st fel\u00fcgyel\u0151 hat\u00f3s\u00e1g:<\/strong><\/p><p><strong>Nemzeti Adatv\u00e9delmi \u00e9s Inform\u00e1ci\u00f3szabads\u00e1g Hat\u00f3s\u00e1g<\/strong><br \/>Sz\u00e9khely: 1125 Budapest, Falk Miksa utca 9-11.<br \/>Postac\u00edm: 1363 Budapest, Pf. 9.<br \/>Telefon: +36 30 683 5969<br \/>Fax: +36 1 391 1410<br \/>E-mail: ugyfelszolgalat@naih.hu<br \/>Webhely: http:\/\/www.naih.hu\/<\/p><p>3.) T\u00e1rhelyszolg\u00e1ltat\u00f3:<\/p><p><strong>KTS Online Kft<\/strong><br \/>Ad\u00f3sz\u00e1m: 29152106-2-08.<br \/>C\u00e9gjegyz\u00e9ksz\u00e1m: 08-09-032885<br \/>Gy\u0151ri T\u00f6rv\u00e9nysz\u00e9k C\u00e9gb\u00edr\u00f3s\u00e1ga nyilv\u00e1ntart\u00e1s\u00e1ban.<br \/>Statisztikai sz\u00e1mjel: 29152106-6311-113-08.<br \/>K\u00f6z\u00f6ss\u00e9gi ad\u00f3sz\u00e1m: HU29152106.<\/p><p>SZ\u00c9KHELY 9024 Gy\u0151r, Bart\u00f3k B\u00e9la utca 26\/B f\u00f6ldszint 2.<br \/>TELEFON: +36-20\/316-2431<br \/>E-MAIL info@kts.hu<\/p><p>SZERVERTEREM:\u00a0 1132 Budapest, Victor Hug\u00f3 utca 18-22.<\/p><p>4.) Ha Felhaszn\u00e1l\u00f3 (fogyaszt\u00f3) az Eur\u00f3pai Uni\u00f3ban \u00e9l, a szolg\u00e1ltat\u00e1sra vonatkoz\u00f3 panasz\u00e1val kapcsolatban ig\u00e9nybe veheti az Eur\u00f3pai Bizotts\u00e1g al\u00e1bbi online vitarendez\u00e9si eszk\u00f6z\u00e9t.<\/p><p><strong>Az Eur\u00f3pai Bizotts\u00e1g online vitarendez\u00e9si platformja<\/strong><br \/>Webhely:\u00a0<a href=\"https:\/\/webgate.ec.europa.eu\/odr\" target=\"_blank\" rel=\"noopener\">https:\/\/webgate.ec.europa.eu\/odr<\/a><\/p><p>Ezt az internetalap\u00fa platformot az EU azoknak a fogyaszt\u00f3knak hozta l\u00e9tre, akik panasszal k\u00edv\u00e1nnak \u00e9lni az \u00e1ltaluk online v\u00e1s\u00e1rolt term\u00e9kekkel vagy szolg\u00e1ltat\u00e1sokkal kapcsolatban, \u00e9s fel szeretn\u00e9nek k\u00e9rni egy semleges harmadik felet (vitarendez\u00e9si test\u00fcletet) a panasz kezel\u00e9s\u00e9re.<\/p><p>Az online vitarendez\u00e9si platformr\u00f3l \u00e9s haszn\u00e1lat\u00e1r\u00f3l, a vitarendez\u00e9s m\u00f3dj\u00e1r\u00f3l tov\u00e1bbi inform\u00e1ci\u00f3kat a fenti link haszn\u00e1lat\u00e1val el\u00e9rhet\u0151 webhelyen tal\u00e1l.<\/p><p>[\/et_pb_text][\/et_pb_column][\/et_pb_row][\/et_pb_section]<br \/><!-- \/wp:divi\/placeholder --><\/p>","_et_gb_content_width":"","footnotes":""},"class_list":["post-1218","page","type-page","status-publish","hentry"],"_links":{"self":[{"href":"https:\/\/gkss.hu\/de\/wp-json\/wp\/v2\/pages\/1218","targetHints":{"allow":["GET"]}}],"collection":[{"href":"https:\/\/gkss.hu\/de\/wp-json\/wp\/v2\/pages"}],"about":[{"href":"https:\/\/gkss.hu\/de\/wp-json\/wp\/v2\/types\/page"}],"author":[{"embeddable":true,"href":"https:\/\/gkss.hu\/de\/wp-json\/wp\/v2\/users\/1"}],"replies":[{"embeddable":true,"href":"https:\/\/gkss.hu\/de\/wp-json\/wp\/v2\/comments?post=1218"}],"version-history":[{"count":8,"href":"https:\/\/gkss.hu\/de\/wp-json\/wp\/v2\/pages\/1218\/revisions"}],"predecessor-version":[{"id":2246,"href":"https:\/\/gkss.hu\/de\/wp-json\/wp\/v2\/pages\/1218\/revisions\/2246"}],"wp:attachment":[{"href":"https:\/\/gkss.hu\/de\/wp-json\/wp\/v2\/media?parent=1218"}],"curies":[{"name":"wp","href":"https:\/\/api.w.org\/{rel}","templated":true}]}}