{"id":1179,"date":"2019-06-27T05:10:40","date_gmt":"2019-06-27T04:10:40","guid":{"rendered":"https:\/\/k-stahl.hu\/?page_id=1179"},"modified":"2026-02-02T16:50:32","modified_gmt":"2026-02-02T15:50:32","slug":"disclaimer","status":"publish","type":"page","link":"https:\/\/gkss.hu\/en\/disclaimer\/","title":{"rendered":"Disclaimer"},"content":{"rendered":"<p>[et_pb_section fb_built=&#8221;1&#8243; _builder_version=&#8221;4.23.4&#8243; _module_preset=&#8221;default&#8221; custom_padding=&#8221;15px||15px||false|false&#8221; locked=&#8221;off&#8221; global_colors_info=&#8221;{}&#8221;][et_pb_row _builder_version=&#8221;4.23.4&#8243; _module_preset=&#8221;default&#8221; global_colors_info=&#8221;{}&#8221;][et_pb_column type=&#8221;4_4&#8243; _builder_version=&#8221;4.23.4&#8243; _module_preset=&#8221;default&#8221; global_colors_info=&#8221;{}&#8221;][et_pb_text _builder_version=&#8221;4.23.4&#8243; _module_preset=&#8221;default&#8221; header_text_color=&#8221;#000000&#8243; header_font_size=&#8221;50px&#8221; global_colors_info=&#8221;{}&#8221;]<\/p>\n<h1 style=\"text-align: center;\">Disclaimer<\/h1>\n<p>[\/et_pb_text][et_pb_text _builder_version=&#8221;4.23.4&#8243; _module_preset=&#8221;default&#8221; text_text_color=&#8221;#000000&#8243; custom_padding=&#8221;||0px|||&#8221; global_colors_info=&#8221;{}&#8221;]<\/p>\n<p><strong>1) The data controller responsible for the content of the website and the social media interface &#8211; hereinafter referred to as: website &#8211; available at the internet address you have visited, as well as the owner of the domain and website is:<\/strong><\/p>\n<p><strong>GKS Service Korl\u00e1tolt Felel\u0151ss\u00e9g\u0171 T\u00e1rsas\u00e1g<\/strong><\/p>\n<p>9025 Gy\u0151r, Szalay Imre utca 12-14. A. lh\u00e1z. 1. em. 4.<br \/>Asz.: 26249597-2-08<\/p>\n<p>Gy\u0151ri T\u00f6rv\u00e9nysz\u00e9k C\u00e9gb\u00edr\u00f3s\u00e1ga nyilv\u00e1ntart\u00e1s\u00e1ban.<\/p>\n<p><strong>2.) Supervisory authority for data processing:<\/strong><\/p>\n<p><strong>Nemzeti Adatv\u00e9delmi \u00e9s Inform\u00e1ci\u00f3szabads\u00e1g Hat\u00f3s\u00e1g<\/strong><br \/>Sz\u00e9khely: 1125 Budapest, Falk Miksa utca 9-11.<br \/>Postac\u00edm: 1363 Budapest, Pf. 9.<br \/>Telefon: +36 30 683 5969<br \/>Fax: +36 1 391 1410<br \/>E-mail: ugyfelszolgalat@naih.hu<br \/>Webhely: http:\/\/www.naih.hu\/<\/p>\n<p><strong>3.) Hosting service provider:<\/strong><\/p>\n<p><strong>KTS Online Kft<\/strong><br \/>Ad\u00f3sz\u00e1m: 29152106-2-08.<br \/>C\u00e9gjegyz\u00e9ksz\u00e1m: 08-09-032885<br \/>Gy\u0151ri T\u00f6rv\u00e9nysz\u00e9k C\u00e9gb\u00edr\u00f3s\u00e1ga nyilv\u00e1ntart\u00e1s\u00e1ban.<br \/>Statisztikai sz\u00e1mjel: 29152106-6311-113-08.<br \/>K\u00f6z\u00f6ss\u00e9gi ad\u00f3sz\u00e1m: HU29152106.<\/p>\n<p>SZ\u00c9KHELY 9024 Gy\u0151r, Bart\u00f3k B\u00e9la utca 26\/B f\u00f6ldszint 2.<br \/>TELEFON: +36-20\/316-2431<br \/>E-MAIL info@kts.hu<\/p>\n<p>SZERVERTEREM:\u00a0 1132 Budapest, Victor Hug\u00f3 utca 18-22.<\/p>\n<p><strong>4.) If the user (consumer) lives in the European Union, they have the right to use the online dispute resolution platform of the European Commission with regards to their complaint related to the service.<\/strong><\/p>\n<p><strong>The online dispute resolution platform of the European Commission<\/strong><br \/>Website: https:\/\/webgate.ec.europa.eu\/odr<\/p>\n<p>The EU has established this internet-based platform for those consumers who wish to raise a complaint related to products or services purchased online and would like to appoint a neutral third party (the dispute resolution body) to handle the complaint.<\/p>\n<p>You can find further information about the online dispute resolution platform and its use, about the method of dispute resolution on the website available via the above link.<\/p>\n<p>[\/et_pb_text][\/et_pb_column][\/et_pb_row][\/et_pb_section]<\/p>\n","protected":false},"excerpt":{"rendered":"<p>Disclaimer1) The data controller responsible for the content of the website and the social media interface &#8211; hereinafter referred to as: website &#8211; available at the internet address you have visited, as well as the owner of the domain and website is: GKS Service Korl\u00e1tolt Felel\u0151ss\u00e9g\u0171 T\u00e1rsas\u00e1g 9025 Gy\u0151r, Szalay Imre utca 12-14. A. lh\u00e1z. [&hellip;]<\/p>\n","protected":false},"author":1,"featured_media":0,"parent":0,"menu_order":0,"comment_status":"closed","ping_status":"closed","template":"","meta":{"_et_pb_use_builder":"on","_et_pb_old_content":"","_et_gb_content_width":"","footnotes":""},"class_list":["post-1179","page","type-page","status-publish","hentry"],"_links":{"self":[{"href":"https:\/\/gkss.hu\/en\/wp-json\/wp\/v2\/pages\/1179","targetHints":{"allow":["GET"]}}],"collection":[{"href":"https:\/\/gkss.hu\/en\/wp-json\/wp\/v2\/pages"}],"about":[{"href":"https:\/\/gkss.hu\/en\/wp-json\/wp\/v2\/types\/page"}],"author":[{"embeddable":true,"href":"https:\/\/gkss.hu\/en\/wp-json\/wp\/v2\/users\/1"}],"replies":[{"embeddable":true,"href":"https:\/\/gkss.hu\/en\/wp-json\/wp\/v2\/comments?post=1179"}],"version-history":[{"count":9,"href":"https:\/\/gkss.hu\/en\/wp-json\/wp\/v2\/pages\/1179\/revisions"}],"predecessor-version":[{"id":2247,"href":"https:\/\/gkss.hu\/en\/wp-json\/wp\/v2\/pages\/1179\/revisions\/2247"}],"wp:attachment":[{"href":"https:\/\/gkss.hu\/en\/wp-json\/wp\/v2\/media?parent=1179"}],"curies":[{"name":"wp","href":"https:\/\/api.w.org\/{rel}","templated":true}]}}