{"id":1929,"date":"2019-06-27T05:10:40","date_gmt":"2019-06-27T04:10:40","guid":{"rendered":"https:\/\/k-stahl.hu\/?page_id=1929"},"modified":"2026-02-02T16:46:07","modified_gmt":"2026-02-02T15:46:07","slug":"kontakt","status":"publish","type":"page","link":"https:\/\/gkss.hu\/sv\/kontakt\/","title":{"rendered":"Kontakt"},"content":{"rendered":"<p>[et_pb_section fb_built=&#8221;1&#8243; admin_label=&#8221;Hero&#8221; _builder_version=&#8221;4.23.4&#8243; use_background_color_gradient=&#8221;on&#8221; background_color_gradient_type=&#8221;circular&#8221; background_color_gradient_direction_radial=&#8221;top right&#8221; background_color_gradient_stops=&#8221;rgba(33,33,33,0.83) 0%|rgba(10,10,10,0.73) 100%&#8221; background_color_gradient_overlays_image=&#8221;on&#8221; background_color_gradient_start=&#8221;#210b00&#8243; background_color_gradient_start_position=&#8221;10%&#8221; background_color_gradient_end=&#8221;rgba(33,25,21,0)&#8221; background_image=&#8221;https:\/\/gkss.hu\/wp-content\/uploads\/2024\/01\/26.jpg_Munchen-Irodahaz.jpg&#8221; custom_padding=&#8221;80px|0|80px||true|false&#8221; global_colors_info=&#8221;{}&#8221;][et_pb_row _builder_version=&#8221;4.23.4&#8243; width_tablet=&#8221;&#8221; width_phone=&#8221;&#8221; width_last_edited=&#8221;on|desktop&#8221; max_width_tablet=&#8221;75%&#8221; max_width_phone=&#8221;75%&#8221; max_width_last_edited=&#8221;on|desktop&#8221; custom_margin=&#8221;|||&#8221; global_colors_info=&#8221;{}&#8221;][et_pb_column type=&#8221;4_4&#8243; _builder_version=&#8221;4.16&#8243; custom_padding=&#8221;|||&#8221; global_colors_info=&#8221;{}&#8221; custom_padding__hover=&#8221;|||&#8221;][et_pb_text _builder_version=&#8221;4.16&#8243; text_font=&#8221;Open Sans||||||||&#8221; text_font_size=&#8221;20px&#8221; text_line_height=&#8221;2em&#8221; header_font=&#8221;|800||on|||||&#8221; header_font_size=&#8221;68px&#8221; header_line_height=&#8221;1.4em&#8221; background_layout=&#8221;dark&#8221; max_width=&#8221;700px&#8221; text_font_size_tablet=&#8221;&#8221; text_font_size_phone=&#8221;16px&#8221; text_font_size_last_edited=&#8221;on|phone&#8221; header_font_size_tablet=&#8221;44px&#8221; header_font_size_phone=&#8221;24px&#8221; header_font_size_last_edited=&#8221;on|desktop&#8221; header_line_height_tablet=&#8221;1.4em&#8221; header_line_height_phone=&#8221;1.4em&#8221; header_line_height_last_edited=&#8221;on|desktop&#8221; global_colors_info=&#8221;{}&#8221;]<\/p>\n<h1><span data-sheets-root=\"1\">KAN VI HJ\u00c4LPA DIG?<\/span><\/h1>\n<p><span data-sheets-root=\"1\">Om du har fr\u00e5gor, v\u00e4nligen kontakta oss&#8230;<\/span><\/p>\n<p>[\/et_pb_text][\/et_pb_column][\/et_pb_row][et_pb_row make_equal=&#8221;on&#8221; _builder_version=&#8221;4.23.4&#8243; width_tablet=&#8221;75%&#8221; width_phone=&#8221;75%&#8221; width_last_edited=&#8221;on|desktop&#8221; max_width_tablet=&#8221;75%&#8221; max_width_phone=&#8221;75%&#8221; max_width_last_edited=&#8221;on|desktop&#8221; custom_css_main_element=&#8221;margin: auto;&#8221; locked=&#8221;off&#8221; global_colors_info=&#8221;{}&#8221;][et_pb_column type=&#8221;4_4&#8243; _builder_version=&#8221;4.23.4&#8243; custom_padding=&#8221;|||&#8221; custom_css_main_element=&#8221;margin: auto;&#8221; global_colors_info=&#8221;{}&#8221; custom_padding__hover=&#8221;|||&#8221;][et_pb_contact_form use_spam_service=&#8221;on&#8221; recaptcha_list=&#8221;gkss-hu &#8211; V3|gkss-hu &#8211; V3-0&#8243; email=&#8221;info@gkss.hu&#8221; custom_message=&#8221;N\u00e9v: %%Name%%||et_pb_line_break_holder||Email: %%Email%%||et_pb_line_break_holder||\u00dczenet: %%Message%%||et_pb_line_break_holder||||et_pb_line_break_holder||Az \u00fczenet k\u00fcldve a gkss.hu sv\u00e9d oldal\u00e1r\u00f3l.&#8221; submit_button_text=&#8221;Skicka&#8221; module_id=&#8221;et_pb_contact_form_1&#8243; _builder_version=&#8221;4.27.4&#8243; _unique_id=&#8221;5f263809-5a15-4f37-882e-b46204c03a80&#8243; form_field_background_color=&#8221;rgba(0,0,0,0)&#8221; form_field_text_color=&#8221;#ffffff&#8221; title_font=&#8221;||||||||&#8221; title_text_color=&#8221;#ffffff&#8221; captcha_font=&#8221;||||||||&#8221; captcha_text_color=&#8221;#FFFFFF&#8221; captcha_font_size=&#8221;16px&#8221; form_field_font=&#8221;Open Sans||||||||&#8221; form_field_font_size=&#8221;16px&#8221; form_field_line_height=&#8221;2em&#8221; custom_button=&#8221;on&#8221; button_text_size=&#8221;16px&#8221; button_text_color=&#8221;#FFFFFF&#8221; button_border_width=&#8221;0px&#8221; button_border_radius=&#8221;0px&#8221; button_letter_spacing=&#8221;1px&#8221; button_font=&#8221;Roboto|700||on|||||&#8221; button_use_icon=&#8221;off&#8221; hover_enabled=&#8221;0&#8243; border_width_all=&#8221;2px&#8221; border_color_all=&#8221;rgba(255,255,255,0.4)&#8221; form_background_color=&#8221;rgba(0,0,0,0)&#8221; global_colors_info=&#8221;{}&#8221; sticky_enabled=&#8221;0&#8243;][et_pb_contact_field field_id=&#8221;Name&#8221; field_title=&#8221;Namn&#8221; _builder_version=&#8221;4.24.2&#8243; form_field_text_color=&#8221;#FFFFFF&#8221; global_colors_info=&#8221;{}&#8221; button_text_size__hover_enabled=&#8221;off&#8221; button_one_text_size__hover_enabled=&#8221;off&#8221; button_two_text_size__hover_enabled=&#8221;off&#8221; button_text_color__hover_enabled=&#8221;off&#8221; button_one_text_color__hover_enabled=&#8221;off&#8221; button_two_text_color__hover_enabled=&#8221;off&#8221; button_border_width__hover_enabled=&#8221;off&#8221; button_one_border_width__hover_enabled=&#8221;off&#8221; button_two_border_width__hover_enabled=&#8221;off&#8221; button_border_color__hover_enabled=&#8221;off&#8221; button_one_border_color__hover_enabled=&#8221;off&#8221; button_two_border_color__hover_enabled=&#8221;off&#8221; button_border_radius__hover_enabled=&#8221;off&#8221; button_one_border_radius__hover_enabled=&#8221;off&#8221; button_two_border_radius__hover_enabled=&#8221;off&#8221; button_letter_spacing__hover_enabled=&#8221;off&#8221; button_one_letter_spacing__hover_enabled=&#8221;off&#8221; button_two_letter_spacing__hover_enabled=&#8221;off&#8221; button_bg_color__hover_enabled=&#8221;off&#8221; button_one_bg_color__hover_enabled=&#8221;off&#8221; button_two_bg_color__hover_enabled=&#8221;off&#8221;][\/et_pb_contact_field][et_pb_contact_field field_id=&#8221;Email&#8221; field_title=&#8221;E-postadress&#8221; field_type=&#8221;email&#8221; _builder_version=&#8221;4.24.2&#8243; form_field_text_color=&#8221;#FFFFFF&#8221; global_colors_info=&#8221;{}&#8221; button_text_size__hover_enabled=&#8221;off&#8221; button_one_text_size__hover_enabled=&#8221;off&#8221; button_two_text_size__hover_enabled=&#8221;off&#8221; button_text_color__hover_enabled=&#8221;off&#8221; button_one_text_color__hover_enabled=&#8221;off&#8221; button_two_text_color__hover_enabled=&#8221;off&#8221; button_border_width__hover_enabled=&#8221;off&#8221; button_one_border_width__hover_enabled=&#8221;off&#8221; button_two_border_width__hover_enabled=&#8221;off&#8221; button_border_color__hover_enabled=&#8221;off&#8221; button_one_border_color__hover_enabled=&#8221;off&#8221; button_two_border_color__hover_enabled=&#8221;off&#8221; button_border_radius__hover_enabled=&#8221;off&#8221; button_one_border_radius__hover_enabled=&#8221;off&#8221; button_two_border_radius__hover_enabled=&#8221;off&#8221; button_letter_spacing__hover_enabled=&#8221;off&#8221; button_one_letter_spacing__hover_enabled=&#8221;off&#8221; button_two_letter_spacing__hover_enabled=&#8221;off&#8221; button_bg_color__hover_enabled=&#8221;off&#8221; button_one_bg_color__hover_enabled=&#8221;off&#8221; button_two_bg_color__hover_enabled=&#8221;off&#8221;][\/et_pb_contact_field][et_pb_contact_field field_id=&#8221;Message&#8221; field_title=&#8221;Meddelande\/fr\u00e5ga&#8221; field_type=&#8221;text&#8221; fullwidth_field=&#8221;on&#8221; _builder_version=&#8221;4.24.2&#8243; form_field_text_color=&#8221;#FFFFFF&#8221; global_colors_info=&#8221;{}&#8221; button_text_size__hover_enabled=&#8221;off&#8221; button_one_text_size__hover_enabled=&#8221;off&#8221; button_two_text_size__hover_enabled=&#8221;off&#8221; button_text_color__hover_enabled=&#8221;off&#8221; button_one_text_color__hover_enabled=&#8221;off&#8221; button_two_text_color__hover_enabled=&#8221;off&#8221; button_border_width__hover_enabled=&#8221;off&#8221; button_one_border_width__hover_enabled=&#8221;off&#8221; button_two_border_width__hover_enabled=&#8221;off&#8221; button_border_color__hover_enabled=&#8221;off&#8221; button_one_border_color__hover_enabled=&#8221;off&#8221; button_two_border_color__hover_enabled=&#8221;off&#8221; button_border_radius__hover_enabled=&#8221;off&#8221; button_one_border_radius__hover_enabled=&#8221;off&#8221; button_two_border_radius__hover_enabled=&#8221;off&#8221; button_letter_spacing__hover_enabled=&#8221;off&#8221; button_one_letter_spacing__hover_enabled=&#8221;off&#8221; button_two_letter_spacing__hover_enabled=&#8221;off&#8221; button_bg_color__hover_enabled=&#8221;off&#8221; button_one_bg_color__hover_enabled=&#8221;off&#8221; button_two_bg_color__hover_enabled=&#8221;off&#8221;][\/et_pb_contact_field][et_pb_contact_field field_id=&#8221;Field_4&#8243; field_title=&#8221;Integritetspolicy&#8221; field_type=&#8221;checkbox&#8221; checkbox_options=&#8221;%91{%22value%22:%22Jag har l\u00e4st och godk\u00e4nner integritetspolicyn.%22,%22checked%22:0,%22dragID%22:-1}%93&#8243; fullwidth_field=&#8221;on&#8221; _builder_version=&#8221;4.24.2&#8243; form_field_text_color=&#8221;#FFFFFF&#8221; global_colors_info=&#8221;{}&#8221;][\/et_pb_contact_field][\/et_pb_contact_form][\/et_pb_column][\/et_pb_row][et_pb_row column_structure=&#8221;1_3,1_3,1_3&#8243; _builder_version=&#8221;4.23.4&#8243; _module_preset=&#8221;default&#8221; global_colors_info=&#8221;{}&#8221;][et_pb_column type=&#8221;1_3&#8243; _builder_version=&#8221;4.23.4&#8243; _module_preset=&#8221;default&#8221; global_colors_info=&#8221;{}&#8221;][et_pb_blurb title=&#8221;S\u00c4TE:&#8221; use_icon=&#8221;on&#8221; font_icon=&#8221;&#xe081;||divi||400&#8243; icon_color=&#8221;#ffffff&#8221; icon_placement=&#8221;left&#8221; content_max_width=&#8221;1100px&#8221; _builder_version=&#8221;4.27.4&#8243; header_font=&#8221;|800||on|||||&#8221; header_font_size=&#8221;16px&#8221; header_letter_spacing=&#8221;0.5px&#8221; header_line_height=&#8221;1.7em&#8221; body_font=&#8221;Open Sans||||||||&#8221; body_line_height=&#8221;2em&#8221; background_layout=&#8221;dark&#8221; locked=&#8221;off&#8221; global_colors_info=&#8221;{}&#8221;]GKS Service Kft.<br \/>\n<span data-sheets-root=\"1\">K\u00f6rkemence utca 8., 9023 Gy\u0151r, Ungern<\/span>[\/et_pb_blurb][et_pb_blurb title=&#8221;E-Post:&#8221; use_icon=&#8221;on&#8221; font_icon=&#8221;&#xe076;||divi||400&#8243; icon_color=&#8221;#ffffff&#8221; icon_placement=&#8221;left&#8221; content_max_width=&#8221;1100px&#8221; _builder_version=&#8221;4.27.4&#8243; header_font=&#8221;|800||on|||||&#8221; header_font_size=&#8221;16px&#8221; header_letter_spacing=&#8221;0.5px&#8221; header_line_height=&#8221;1.7em&#8221; body_font=&#8221;Open Sans||||||||&#8221; body_line_height=&#8221;2em&#8221; background_layout=&#8221;dark&#8221; locked=&#8221;off&#8221; global_colors_info=&#8221;{}&#8221;]<\/p>\n<p><a style=\"color: white;\" href=\"mailto:info@gkss.hu\">info@gkss.hu<\/a><\/p>\n<p>[\/et_pb_blurb][\/et_pb_column][et_pb_column type=&#8221;1_3&#8243; _builder_version=&#8221;4.23.4&#8243; _module_preset=&#8221;default&#8221; global_colors_info=&#8221;{}&#8221;][et_pb_blurb title=&#8221;Telefon:&#8221; use_icon=&#8221;on&#8221; font_icon=&#8221;&#xe090;||divi||400&#8243; icon_color=&#8221;#ffffff&#8221; icon_placement=&#8221;left&#8221; content_max_width=&#8221;1100px&#8221; _builder_version=&#8221;4.24.2&#8243; header_font=&#8221;|800||on|||||&#8221; header_font_size=&#8221;16px&#8221; header_letter_spacing=&#8221;0.5px&#8221; header_line_height=&#8221;1.7em&#8221; body_font=&#8221;Open Sans||||||||&#8221; body_line_height=&#8221;2em&#8221; background_layout=&#8221;dark&#8221; locked=&#8221;off&#8221; global_colors_info=&#8221;{}&#8221;]<\/p>\n<p><a style=\"color: white;\" href=\"tel:+3696999260\">+36 96 999 260<\/a><\/p>\n<p>[\/et_pb_blurb][et_pb_blurb title=&#8221;Mobil:&#8221; use_icon=&#8221;on&#8221; font_icon=&#8221;&#xe00b;||divi||400&#8243; icon_color=&#8221;#ffffff&#8221; icon_placement=&#8221;left&#8221; content_max_width=&#8221;1100px&#8221; _builder_version=&#8221;4.27.4&#8243; header_font=&#8221;|800||on|||||&#8221; header_font_size=&#8221;16px&#8221; header_letter_spacing=&#8221;0.5px&#8221; header_line_height=&#8221;1.7em&#8221; body_font=&#8221;Open Sans||||||||&#8221; body_line_height=&#8221;2em&#8221; background_layout=&#8221;dark&#8221; locked=&#8221;off&#8221; global_colors_info=&#8221;{}&#8221;]<\/p>\n<p><a style=\"color: white;\" href=\"tel:+36205027447\">+36 20 502 7447<\/a><\/p>\n<p>[\/et_pb_blurb][et_pb_blurb title=&#8221;Fax:&#8221; use_icon=&#8221;on&#8221; font_icon=&#8221;&#xe103;||divi||400&#8243; icon_color=&#8221;#ffffff&#8221; icon_placement=&#8221;left&#8221; content_max_width=&#8221;1100px&#8221; _builder_version=&#8221;4.23.4&#8243; header_font=&#8221;|800||on|||||&#8221; header_font_size=&#8221;16px&#8221; header_letter_spacing=&#8221;0.5px&#8221; header_line_height=&#8221;1.7em&#8221; body_font=&#8221;Open Sans||||||||&#8221; body_line_height=&#8221;2em&#8221; background_layout=&#8221;dark&#8221; locked=&#8221;off&#8221; global_colors_info=&#8221;{}&#8221;]+36 96 999 261[\/et_pb_blurb][\/et_pb_column][et_pb_column type=&#8221;1_3&#8243; _builder_version=&#8221;4.23.4&#8243; _module_preset=&#8221;default&#8221; global_colors_info=&#8221;{}&#8221;][et_pb_blurb title=&#8221;\u00d6PPETIDER:&#8221; use_icon=&#8221;on&#8221; font_icon=&#8221;&#xe074;||divi||400&#8243; icon_color=&#8221;#ffffff&#8221; icon_placement=&#8221;left&#8221; content_max_width=&#8221;1100px&#8221; _builder_version=&#8221;4.23.4&#8243; header_font=&#8221;|800||on|||||&#8221; header_font_size=&#8221;16px&#8221; header_letter_spacing=&#8221;0.5px&#8221; header_line_height=&#8221;1.7em&#8221; body_font=&#8221;Open Sans||||||||&#8221; body_line_height=&#8221;2em&#8221; background_layout=&#8221;dark&#8221; locked=&#8221;off&#8221; global_colors_info=&#8221;{}&#8221;]<\/p>\n<p><span data-sheets-root=\"1\">M\u00e5ndag\u2013Fredag<br \/>kl. 8.00\u201316.00<\/span><\/p>\n<p>[\/et_pb_blurb][\/et_pb_column][\/et_pb_row][\/et_pb_section]<\/p>\n","protected":false},"excerpt":{"rendered":"<p>KAN VI HJ\u00c4LPA DIG? Om du har fr\u00e5gor, v\u00e4nligen kontakta oss&#8230;GKS Service Kft. K\u00f6rkemence utca 8., 9023 Gy\u0151r, Ungerninfo@gkss.hu+36 96 999 260+36 20 502 7447+36 96 999 261M\u00e5ndag\u2013Fredagkl. 8.00\u201316.00<\/p>\n","protected":false},"author":1,"featured_media":0,"parent":0,"menu_order":0,"comment_status":"closed","ping_status":"closed","template":"","meta":{"_et_pb_use_builder":"on","_et_pb_old_content":"<p>[et_pb_section fb_built=\"1\" admin_label=\"Hero\" _builder_version=\"4.23.4\" use_background_color_gradient=\"on\" background_color_gradient_type=\"circular\" background_color_gradient_direction_radial=\"top right\" background_color_gradient_stops=\"rgba(33,33,33,0.83) 0%|rgba(10,10,10,0.73) 100%\" background_color_gradient_overlays_image=\"on\" background_color_gradient_start=\"#210b00\" background_color_gradient_start_position=\"10%\" background_color_gradient_end=\"rgba(33,25,21,0)\" background_image=\"https:\/\/gkss.hu\/wp-content\/uploads\/2024\/01\/26.jpg_Munchen-Irodahaz.jpg\" custom_padding=\"80px|0|80px||true|false\" global_colors_info=\"{}\"][et_pb_row _builder_version=\"4.23.4\" width_tablet=\"\" width_phone=\"\" width_last_edited=\"on|desktop\" max_width_tablet=\"75%\" max_width_phone=\"75%\" max_width_last_edited=\"on|desktop\" custom_margin=\"|||\" global_colors_info=\"{}\"][et_pb_column type=\"4_4\" _builder_version=\"4.16\" custom_padding=\"|||\" global_colors_info=\"{}\" custom_padding__hover=\"|||\"][et_pb_text _builder_version=\"4.16\" text_font=\"Open Sans||||||||\" text_font_size=\"20px\" text_line_height=\"2em\" header_font=\"|800||on|||||\" header_font_size=\"68px\" header_line_height=\"1.4em\" background_layout=\"dark\" max_width=\"700px\" text_font_size_tablet=\"\" text_font_size_phone=\"16px\" text_font_size_last_edited=\"on|phone\" header_font_size_tablet=\"44px\" header_font_size_phone=\"24px\" header_font_size_last_edited=\"on|desktop\" header_line_height_tablet=\"1.4em\" header_line_height_phone=\"1.4em\" header_line_height_last_edited=\"on|desktop\" global_colors_info=\"{}\"]<\/p><h1>Seg\u00edthet\u00fcnk valamiben?<\/h1><p>Amennyiben b\u00e1rmilyen k\u00e9rd\u00e9se lenne, vegye fel vel\u00fcnk a kapcsolatot.<\/p><p>[\/et_pb_text][\/et_pb_column][\/et_pb_row][et_pb_row make_equal=\"on\" _builder_version=\"4.23.4\" width_tablet=\"75%\" width_phone=\"75%\" width_last_edited=\"on|desktop\" max_width_tablet=\"75%\" max_width_phone=\"75%\" max_width_last_edited=\"on|desktop\" custom_css_main_element=\"margin: auto;\" locked=\"off\" global_colors_info=\"{}\"][et_pb_column type=\"4_4\" _builder_version=\"4.23.4\" custom_padding=\"|||\" custom_css_main_element=\"margin: auto;\" global_colors_info=\"{}\" custom_padding__hover=\"|||\"][et_pb_contact_form captcha=\"off\" submit_button_text=\"K\u00fcld\u00e9s\" module_id=\"et_pb_contact_form_1\" _builder_version=\"4.23.4\" _unique_id=\"09b62fa8-5788-42fc-b17d-ab14d643b7bb\" form_field_background_color=\"rgba(0,0,0,0)\" form_field_text_color=\"#ffffff\" form_field_font=\"Open Sans||||||||\" form_field_font_size=\"16px\" form_field_line_height=\"2em\" custom_button=\"on\" button_text_size=\"16px\" button_text_color=\"#ffffff\" button_border_width=\"0px\" button_border_radius=\"0px\" button_letter_spacing=\"1px\" button_font=\"Roboto|700||on|||||\" button_use_icon=\"off\" border_width_all=\"2px\" border_color_all=\"rgba(255,255,255,0.4)\" form_background_color=\"rgba(0,0,0,0)\" locked=\"off\" global_colors_info=\"{}\"][et_pb_contact_field field_id=\"Name\" field_title=\"N\u00e9v\" _builder_version=\"4.16\" global_colors_info=\"{}\" button_text_size__hover_enabled=\"off\" button_one_text_size__hover_enabled=\"off\" button_two_text_size__hover_enabled=\"off\" button_text_color__hover_enabled=\"off\" button_one_text_color__hover_enabled=\"off\" button_two_text_color__hover_enabled=\"off\" button_border_width__hover_enabled=\"off\" button_one_border_width__hover_enabled=\"off\" button_two_border_width__hover_enabled=\"off\" button_border_color__hover_enabled=\"off\" button_one_border_color__hover_enabled=\"off\" button_two_border_color__hover_enabled=\"off\" button_border_radius__hover_enabled=\"off\" button_one_border_radius__hover_enabled=\"off\" button_two_border_radius__hover_enabled=\"off\" button_letter_spacing__hover_enabled=\"off\" button_one_letter_spacing__hover_enabled=\"off\" button_two_letter_spacing__hover_enabled=\"off\" button_bg_color__hover_enabled=\"off\" button_one_bg_color__hover_enabled=\"off\" button_two_bg_color__hover_enabled=\"off\"][\/et_pb_contact_field][et_pb_contact_field field_id=\"Email\" field_title=\"Email c\u00edm\" field_type=\"email\" _builder_version=\"4.16\" global_colors_info=\"{}\" button_text_size__hover_enabled=\"off\" button_one_text_size__hover_enabled=\"off\" button_two_text_size__hover_enabled=\"off\" button_text_color__hover_enabled=\"off\" button_one_text_color__hover_enabled=\"off\" button_two_text_color__hover_enabled=\"off\" button_border_width__hover_enabled=\"off\" button_one_border_width__hover_enabled=\"off\" button_two_border_width__hover_enabled=\"off\" button_border_color__hover_enabled=\"off\" button_one_border_color__hover_enabled=\"off\" button_two_border_color__hover_enabled=\"off\" button_border_radius__hover_enabled=\"off\" button_one_border_radius__hover_enabled=\"off\" button_two_border_radius__hover_enabled=\"off\" button_letter_spacing__hover_enabled=\"off\" button_one_letter_spacing__hover_enabled=\"off\" button_two_letter_spacing__hover_enabled=\"off\" button_bg_color__hover_enabled=\"off\" button_one_bg_color__hover_enabled=\"off\" button_two_bg_color__hover_enabled=\"off\"][\/et_pb_contact_field][et_pb_contact_field field_id=\"Message\" field_title=\"\u00dczenet\" field_type=\"text\" fullwidth_field=\"on\" _builder_version=\"4.16\" global_colors_info=\"{}\" button_text_size__hover_enabled=\"off\" button_one_text_size__hover_enabled=\"off\" button_two_text_size__hover_enabled=\"off\" button_text_color__hover_enabled=\"off\" button_one_text_color__hover_enabled=\"off\" button_two_text_color__hover_enabled=\"off\" button_border_width__hover_enabled=\"off\" button_one_border_width__hover_enabled=\"off\" button_two_border_width__hover_enabled=\"off\" button_border_color__hover_enabled=\"off\" button_one_border_color__hover_enabled=\"off\" button_two_border_color__hover_enabled=\"off\" button_border_radius__hover_enabled=\"off\" button_one_border_radius__hover_enabled=\"off\" button_two_border_radius__hover_enabled=\"off\" button_letter_spacing__hover_enabled=\"off\" button_one_letter_spacing__hover_enabled=\"off\" button_two_letter_spacing__hover_enabled=\"off\" button_bg_color__hover_enabled=\"off\" button_one_bg_color__hover_enabled=\"off\" button_two_bg_color__hover_enabled=\"off\"][\/et_pb_contact_field][\/et_pb_contact_form][\/et_pb_column][\/et_pb_row][et_pb_row column_structure=\"1_3,1_3,1_3\" _builder_version=\"4.23.4\" _module_preset=\"default\" global_colors_info=\"{}\"][et_pb_column type=\"1_3\" _builder_version=\"4.23.4\" _module_preset=\"default\" global_colors_info=\"{}\"][et_pb_blurb title=\"Sz\u00e9khely:\" use_icon=\"on\" font_icon=\"\ue081||divi||400\" icon_color=\"#ffffff\" icon_placement=\"left\" content_max_width=\"1100px\" _builder_version=\"4.23.4\" header_font=\"|800||on|||||\" header_font_size=\"16px\" header_letter_spacing=\"0.5px\" header_line_height=\"1.7em\" body_font=\"Open Sans||||||||\" body_line_height=\"2em\" background_layout=\"dark\" locked=\"off\" global_colors_info=\"{}\"]<\/p><p>9023 Gy\u0151r, K\u00f6rkemence utca 8.<\/p><p>[\/et_pb_blurb][et_pb_blurb title=\"Email:\" use_icon=\"on\" font_icon=\"\ue076||divi||400\" icon_color=\"#ffffff\" icon_placement=\"left\" content_max_width=\"1100px\" _builder_version=\"4.23.4\" header_font=\"|800||on|||||\" header_font_size=\"16px\" header_letter_spacing=\"0.5px\" header_line_height=\"1.7em\" body_font=\"Open Sans||||||||\" body_line_height=\"2em\" background_layout=\"dark\" locked=\"off\" global_colors_info=\"{}\"]<\/p><p>info@k-stahl.hu<\/p><p>[\/et_pb_blurb][\/et_pb_column][et_pb_column type=\"1_3\" _builder_version=\"4.23.4\" _module_preset=\"default\" global_colors_info=\"{}\"][et_pb_blurb title=\"Telefonsz\u00e1m:\" use_icon=\"on\" font_icon=\"\ue090||divi||400\" icon_color=\"#ffffff\" icon_placement=\"left\" content_max_width=\"1100px\" _builder_version=\"4.23.4\" header_font=\"|800||on|||||\" header_font_size=\"16px\" header_letter_spacing=\"0.5px\" header_line_height=\"1.7em\" body_font=\"Open Sans||||||||\" body_line_height=\"2em\" background_layout=\"dark\" locked=\"off\" global_colors_info=\"{}\"]<\/p><p>+36 96 999 260<\/p><p>[\/et_pb_blurb][et_pb_blurb title=\"Mobiltelefonsz\u00e1m:\" use_icon=\"on\" font_icon=\"\ue00b||divi||400\" icon_color=\"#ffffff\" icon_placement=\"left\" content_max_width=\"1100px\" _builder_version=\"4.23.4\" header_font=\"|800||on|||||\" header_font_size=\"16px\" header_letter_spacing=\"0.5px\" header_line_height=\"1.7em\" body_font=\"Open Sans||||||||\" body_line_height=\"2em\" background_layout=\"dark\" locked=\"off\" global_colors_info=\"{}\"]<\/p><p>+36 20 399 4100<\/p><p>[\/et_pb_blurb][et_pb_blurb title=\"Fax:\" use_icon=\"on\" font_icon=\"\ue103||divi||400\" icon_color=\"#ffffff\" icon_placement=\"left\" content_max_width=\"1100px\" _builder_version=\"4.23.4\" header_font=\"|800||on|||||\" header_font_size=\"16px\" header_letter_spacing=\"0.5px\" header_line_height=\"1.7em\" body_font=\"Open Sans||||||||\" body_line_height=\"2em\" background_layout=\"dark\" locked=\"off\" global_colors_info=\"{}\"]<\/p><p>+36 96 999 261<\/p><p>[\/et_pb_blurb][\/et_pb_column][et_pb_column type=\"1_3\" _builder_version=\"4.23.4\" _module_preset=\"default\" global_colors_info=\"{}\"][et_pb_blurb title=\"Nyitvatart\u00e1s\" use_icon=\"on\" font_icon=\"\ue074||divi||400\" icon_color=\"#ffffff\" icon_placement=\"left\" content_max_width=\"1100px\" _builder_version=\"4.23.4\" header_font=\"|800||on|||||\" header_font_size=\"16px\" header_letter_spacing=\"0.5px\" header_line_height=\"1.7em\" body_font=\"Open Sans||||||||\" body_line_height=\"2em\" background_layout=\"dark\" locked=\"off\" global_colors_info=\"{}\"]<\/p><p>H\u00e9tf\u0151-P\u00e9ntek<br \/>8:00 - 16:00<\/p><p>[\/et_pb_blurb][\/et_pb_column][\/et_pb_row][\/et_pb_section]<\/p>","_et_gb_content_width":"","footnotes":""},"class_list":["post-1929","page","type-page","status-publish","hentry"],"_links":{"self":[{"href":"https:\/\/gkss.hu\/sv\/wp-json\/wp\/v2\/pages\/1929","targetHints":{"allow":["GET"]}}],"collection":[{"href":"https:\/\/gkss.hu\/sv\/wp-json\/wp\/v2\/pages"}],"about":[{"href":"https:\/\/gkss.hu\/sv\/wp-json\/wp\/v2\/types\/page"}],"author":[{"embeddable":true,"href":"https:\/\/gkss.hu\/sv\/wp-json\/wp\/v2\/users\/1"}],"replies":[{"embeddable":true,"href":"https:\/\/gkss.hu\/sv\/wp-json\/wp\/v2\/comments?post=1929"}],"version-history":[{"count":10,"href":"https:\/\/gkss.hu\/sv\/wp-json\/wp\/v2\/pages\/1929\/revisions"}],"predecessor-version":[{"id":2242,"href":"https:\/\/gkss.hu\/sv\/wp-json\/wp\/v2\/pages\/1929\/revisions\/2242"}],"wp:attachment":[{"href":"https:\/\/gkss.hu\/sv\/wp-json\/wp\/v2\/media?parent=1929"}],"curies":[{"name":"wp","href":"https:\/\/api.w.org\/{rel}","templated":true}]}}